{"id":9162,"date":"2023-03-27T16:58:58","date_gmt":"2023-03-27T15:58:58","guid":{"rendered":"https:\/\/vascoinvest.eu\/homepage\/"},"modified":"2025-11-25T11:30:08","modified_gmt":"2025-11-25T11:30:08","slug":"homepage","status":"publish","type":"page","link":"https:\/\/vascoinvest.eu\/fr\/","title":{"rendered":"Homepage"},"content":{"rendered":"","protected":false},"excerpt":{"rendered":"","protected":false},"author":1,"featured_media":596,"parent":0,"menu_order":0,"comment_status":"closed","ping_status":"closed","template":"","meta":{"_acf_changed":false,"_seopress_robots_primary_cat":"","_seopress_titles_title":"D\u00e9couvrez des biens immobiliers exclusifs au Portugal","_seopress_titles_desc":"Explorez l'immobilier de premier choix au Portugal avec Vasco Invest. B\u00e9n\u00e9ficiez de services personnalis\u00e9s, de conseils d'experts et de propri\u00e9t\u00e9s exclusives. R\u00e9alisons vos r\u00eaves d'investissement.  ","_seopress_robots_index":"","footnotes":""},"class_list":["post-9162","page","type-page","status-publish","has-post-thumbnail","hentry"],"acf":[],"_links":{"self":[{"href":"https:\/\/vascoinvest.eu\/fr\/wp-json\/wp\/v2\/pages\/9162","targetHints":{"allow":["GET"]}}],"collection":[{"href":"https:\/\/vascoinvest.eu\/fr\/wp-json\/wp\/v2\/pages"}],"about":[{"href":"https:\/\/vascoinvest.eu\/fr\/wp-json\/wp\/v2\/types\/page"}],"author":[{"embeddable":true,"href":"https:\/\/vascoinvest.eu\/fr\/wp-json\/wp\/v2\/users\/1"}],"replies":[{"embeddable":true,"href":"https:\/\/vascoinvest.eu\/fr\/wp-json\/wp\/v2\/comments?post=9162"}],"version-history":[{"count":1,"href":"https:\/\/vascoinvest.eu\/fr\/wp-json\/wp\/v2\/pages\/9162\/revisions"}],"predecessor-version":[{"id":9192,"href":"https:\/\/vascoinvest.eu\/fr\/wp-json\/wp\/v2\/pages\/9162\/revisions\/9192"}],"wp:featuredmedia":[{"embeddable":true,"href":"https:\/\/vascoinvest.eu\/fr\/wp-json\/wp\/v2\/media\/596"}],"wp:attachment":[{"href":"https:\/\/vascoinvest.eu\/fr\/wp-json\/wp\/v2\/media?parent=9162"}],"curies":[{"name":"wp","href":"https:\/\/api.w.org\/{rel}","templated":true}]}}