{"id":9163,"date":"2025-02-01T17:18:01","date_gmt":"2025-02-01T17:18:01","guid":{"rendered":"https:\/\/vascoinvest.eu\/institutionnel\/"},"modified":"2025-06-06T15:41:06","modified_gmt":"2025-06-06T14:41:06","slug":"institutionnel","status":"publish","type":"page","link":"https:\/\/vascoinvest.eu\/fr\/institutionnel\/","title":{"rendered":"Institutionnel"},"content":{"rendered":"","protected":false},"excerpt":{"rendered":"","protected":false},"author":1,"featured_media":595,"parent":0,"menu_order":0,"comment_status":"closed","ping_status":"closed","template":"","meta":{"_acf_changed":false,"_seopress_robots_primary_cat":"","_seopress_titles_title":"Conseils immobiliers sur mesure pour institutions","_seopress_titles_desc":"D\u00e9couvrez des opportunit\u00e9s d\u2019investissement de grande valeur avec Vasco Invest : acc\u00e8s off-market, sourcing strat\u00e9gique et due diligence compl\u00e8te au Portugal. ","_seopress_robots_index":"","footnotes":""},"class_list":["post-9163","page","type-page","status-publish","has-post-thumbnail","hentry"],"acf":[],"_links":{"self":[{"href":"https:\/\/vascoinvest.eu\/fr\/wp-json\/wp\/v2\/pages\/9163","targetHints":{"allow":["GET"]}}],"collection":[{"href":"https:\/\/vascoinvest.eu\/fr\/wp-json\/wp\/v2\/pages"}],"about":[{"href":"https:\/\/vascoinvest.eu\/fr\/wp-json\/wp\/v2\/types\/page"}],"author":[{"embeddable":true,"href":"https:\/\/vascoinvest.eu\/fr\/wp-json\/wp\/v2\/users\/1"}],"replies":[{"embeddable":true,"href":"https:\/\/vascoinvest.eu\/fr\/wp-json\/wp\/v2\/comments?post=9163"}],"version-history":[{"count":1,"href":"https:\/\/vascoinvest.eu\/fr\/wp-json\/wp\/v2\/pages\/9163\/revisions"}],"predecessor-version":[{"id":9206,"href":"https:\/\/vascoinvest.eu\/fr\/wp-json\/wp\/v2\/pages\/9163\/revisions\/9206"}],"wp:featuredmedia":[{"embeddable":true,"href":"https:\/\/vascoinvest.eu\/fr\/wp-json\/wp\/v2\/media\/595"}],"wp:attachment":[{"href":"https:\/\/vascoinvest.eu\/fr\/wp-json\/wp\/v2\/media?parent=9163"}],"curies":[{"name":"wp","href":"https:\/\/api.w.org\/{rel}","templated":true}]}}