{"id":9164,"date":"2025-02-01T18:51:51","date_gmt":"2025-02-01T18:51:51","guid":{"rendered":"https:\/\/vascoinvest.eu\/assistance-et-soutien\/"},"modified":"2025-06-06T15:28:47","modified_gmt":"2025-06-06T14:28:47","slug":"assistance-et-soutien","status":"publish","type":"page","link":"https:\/\/vascoinvest.eu\/fr\/assistance-et-soutien\/","title":{"rendered":"Assistance et Soutien"},"content":{"rendered":"","protected":false},"excerpt":{"rendered":"","protected":false},"author":1,"featured_media":0,"parent":0,"menu_order":0,"comment_status":"closed","ping_status":"closed","template":"","meta":{"_acf_changed":false,"_seopress_robots_primary_cat":"","_seopress_titles_title":"Simplifiez votre r\u00e9sidence au Portugal avec Vasco Invest","_seopress_titles_desc":"Facilitez vos d\u00e9marches administratives au Portugal avec Vasco Invest : inscription fiscale, cr\u00e9ation d'entreprise et statut de R\u00e9sident Non Habituel.","_seopress_robots_index":"","footnotes":""},"class_list":["post-9164","page","type-page","status-publish","hentry"],"acf":[],"_links":{"self":[{"href":"https:\/\/vascoinvest.eu\/fr\/wp-json\/wp\/v2\/pages\/9164","targetHints":{"allow":["GET"]}}],"collection":[{"href":"https:\/\/vascoinvest.eu\/fr\/wp-json\/wp\/v2\/pages"}],"about":[{"href":"https:\/\/vascoinvest.eu\/fr\/wp-json\/wp\/v2\/types\/page"}],"author":[{"embeddable":true,"href":"https:\/\/vascoinvest.eu\/fr\/wp-json\/wp\/v2\/users\/1"}],"replies":[{"embeddable":true,"href":"https:\/\/vascoinvest.eu\/fr\/wp-json\/wp\/v2\/comments?post=9164"}],"version-history":[{"count":1,"href":"https:\/\/vascoinvest.eu\/fr\/wp-json\/wp\/v2\/pages\/9164\/revisions"}],"predecessor-version":[{"id":9178,"href":"https:\/\/vascoinvest.eu\/fr\/wp-json\/wp\/v2\/pages\/9164\/revisions\/9178"}],"wp:attachment":[{"href":"https:\/\/vascoinvest.eu\/fr\/wp-json\/wp\/v2\/media?parent=9164"}],"curies":[{"name":"wp","href":"https:\/\/api.w.org\/{rel}","templated":true}]}}