{"id":9165,"date":"2025-02-01T18:51:14","date_gmt":"2025-02-01T18:51:14","guid":{"rendered":"https:\/\/vascoinvest.eu\/contact-2\/"},"modified":"2026-03-12T14:04:26","modified_gmt":"2026-03-12T14:04:26","slug":"contact","status":"publish","type":"page","link":"https:\/\/vascoinvest.eu\/fr\/contact\/","title":{"rendered":"Contact"},"content":{"rendered":"","protected":false},"excerpt":{"rendered":"","protected":false},"author":1,"featured_media":617,"parent":0,"menu_order":0,"comment_status":"closed","ping_status":"closed","template":"","meta":{"_acf_changed":false,"_seopress_robots_primary_cat":"","_seopress_titles_title":"Vasco Invest : solutions strat\u00e9giques pour chaque client","_seopress_titles_desc":"D\u00e9couvrez les solutions expertes et personnalis\u00e9es de Vasco Invest, avec une disponibilit\u00e9 et une confidentialit\u00e9 totales. Contactez-nous d\u00e8s maintenant pour l'excellence strat\u00e9gique ! ","_seopress_robots_index":"","footnotes":""},"class_list":["post-9165","page","type-page","status-publish","has-post-thumbnail","hentry"],"acf":[],"_links":{"self":[{"href":"https:\/\/vascoinvest.eu\/fr\/wp-json\/wp\/v2\/pages\/9165","targetHints":{"allow":["GET"]}}],"collection":[{"href":"https:\/\/vascoinvest.eu\/fr\/wp-json\/wp\/v2\/pages"}],"about":[{"href":"https:\/\/vascoinvest.eu\/fr\/wp-json\/wp\/v2\/types\/page"}],"author":[{"embeddable":true,"href":"https:\/\/vascoinvest.eu\/fr\/wp-json\/wp\/v2\/users\/1"}],"replies":[{"embeddable":true,"href":"https:\/\/vascoinvest.eu\/fr\/wp-json\/wp\/v2\/comments?post=9165"}],"version-history":[{"count":2,"href":"https:\/\/vascoinvest.eu\/fr\/wp-json\/wp\/v2\/pages\/9165\/revisions"}],"predecessor-version":[{"id":10498,"href":"https:\/\/vascoinvest.eu\/fr\/wp-json\/wp\/v2\/pages\/9165\/revisions\/10498"}],"wp:featuredmedia":[{"embeddable":true,"href":"https:\/\/vascoinvest.eu\/fr\/wp-json\/wp\/v2\/media\/617"}],"wp:attachment":[{"href":"https:\/\/vascoinvest.eu\/fr\/wp-json\/wp\/v2\/media?parent=9165"}],"curies":[{"name":"wp","href":"https:\/\/api.w.org\/{rel}","templated":true}]}}