{"id":9168,"date":"2023-03-27T16:58:58","date_gmt":"2023-03-27T15:58:58","guid":{"rendered":"https:\/\/vascoinvest.eu\/?page_id=9168"},"modified":"2025-06-03T18:05:50","modified_gmt":"2025-06-03T17:05:50","slug":"politique-de-confidentialite","status":"publish","type":"page","link":"https:\/\/vascoinvest.eu\/fr\/politique-de-confidentialite\/","title":{"rendered":"Politique de confidentialit\u00e9"},"content":{"rendered":"\n\n<p>Derni\u00e8re mise \u00e0 jour : 14 mai 2025<\/p>\n\n\n\n\n<p>Cette Politique de confidentialit\u00e9 d\u00e9crit Nos politiques et proc\u00e9dures concernant la collecte, l\u2019utilisation et la divulgation de Vos informations lorsque Vous utilisez le Service, ainsi que Vos droits en mati\u00e8re de confidentialit\u00e9 et la mani\u00e8re dont la loi Vous prot\u00e8ge.<\/p>\n\n\n\n\n<p>Nous utilisons Vos donn\u00e9es personnelles pour fournir et am\u00e9liorer le Service. En utilisant le Service, Vous acceptez la collecte et l\u2019utilisation des informations conform\u00e9ment \u00e0 la pr\u00e9sente Politique de confidentialit\u00e9.<\/p>\n\n\n\n\n<h2 class=\"wp-block-heading\">Interpr\u00e9tation et d\u00e9finitions<\/h2>\n\n\n\n\n<h3 class=\"wp-block-heading\">Interpr\u00e9tation<\/h3>\n\n\n\n\n<p>Les mots dont la premi\u00e8re lettre est en majuscule ont une signification d\u00e9finie dans les conditions suivantes. Les d\u00e9finitions suivantes auront la m\u00eame signification qu\u2019elles apparaissent au singulier ou au pluriel.<\/p>\n\n\n\n\n<h3 class=\"wp-block-heading\">D\u00e9finitions<\/h3>\n\n\n\n\n<p>Aux fins de cette Politique de confidentialit\u00e9&nbsp;:<\/p>\n\n\n\n\n<ul class=\"wp-block-list\">\n<li><strong>Compte<\/strong> d\u00e9signe un compte unique cr\u00e9\u00e9 pour Vous permettre d\u2019acc\u00e9der \u00e0 Notre Service ou \u00e0 certaines parties de celui-ci.<\/li>\n\n\n\n\n<li><strong>Affili\u00e9<\/strong> d\u00e9signe toute entit\u00e9 qui contr\u00f4le, est contr\u00f4l\u00e9e par ou est sous contr\u00f4le commun avec une partie, o\u00f9 \u00ab&nbsp;contr\u00f4le&nbsp;\u00bb signifie la propri\u00e9t\u00e9 de 50&nbsp;% ou plus des actions, participations ou autres titres donnant droit de vote pour l\u2019\u00e9lection des administrateurs ou d\u2019une autre autorit\u00e9 de gestion.<\/li>\n\n\n\n\n<li><strong>Entreprise<\/strong> (d\u00e9sign\u00e9e soit par \u00ab&nbsp;l\u2019Entreprise&nbsp;\u00bb, \u00ab&nbsp;Nous&nbsp;\u00bb, \u00ab&nbsp;Nos&nbsp;\u00bb ou \u00ab&nbsp;Notre&nbsp;\u00bb dans le pr\u00e9sent Accord) d\u00e9signe LAPLANCHE &amp; GREFFIER INVEST \u2013 LDA, Largo Conde Bar\u00e3o n\u00b0 34, 3DTO 1200-118 LISBONNE.<\/li>\n\n\n\n\n<li><strong>Cookies<\/strong> sont de petits fichiers plac\u00e9s sur Votre ordinateur, appareil mobile ou tout autre appareil par un site web, contenant les d\u00e9tails de Votre historique de navigation sur ce site entre autres usages.<\/li>\n\n\n\n\n<li><strong>Pays<\/strong> d\u00e9signe&nbsp;: Portugal<\/li>\n\n\n\n\n<li><strong>Appareil<\/strong> d\u00e9signe tout appareil pouvant acc\u00e9der au Service, tel qu\u2019un ordinateur, un t\u00e9l\u00e9phone portable ou une tablette num\u00e9rique.<\/li>\n\n\n\n\n<li><strong>Donn\u00e9es personnelles<\/strong> d\u00e9signe toute information se rapportant \u00e0 une personne physique identifi\u00e9e ou identifiable.<\/li>\n\n\n\n\n<li><strong>Service<\/strong> d\u00e9signe le Site web.<\/li>\n\n\n\n\n<li><strong>Fournisseur de services<\/strong> d\u00e9signe toute personne physique ou morale qui traite les donn\u00e9es pour le compte de l\u2019Entreprise. Il s\u2019agit de soci\u00e9t\u00e9s tierces ou de personnes employ\u00e9es par l\u2019Entreprise pour faciliter le Service, fournir le Service pour le compte de l\u2019Entreprise, ex\u00e9cuter des services li\u00e9s au Service ou aider l\u2019Entreprise \u00e0 analyser la fa\u00e7on dont le Service est utilis\u00e9.<\/li>\n\n\n\n\n<li><strong>Donn\u00e9es d\u2019utilisation<\/strong> d\u00e9signe les donn\u00e9es collect\u00e9es automatiquement, g\u00e9n\u00e9r\u00e9es par l\u2019utilisation du Service ou par l\u2019infrastructure du Service elle-m\u00eame (par exemple, la dur\u00e9e d\u2019une visite de page).<\/li>\n\n\n\n\n<li><strong>Site web<\/strong> d\u00e9signe Vasco Invest, accessible \u00e0 l\u2019adresse <a href=\"https:\/\/vascoinvest.eu\/fr\/\" target=\"_blank\" rel=\"noreferrer noopener\">https:\/\/vascoinvest.eu\/<\/a><\/li>\n\n\n\n\n<li><strong>Vous<\/strong> d\u00e9signe la personne acc\u00e9dant ou utilisant le Service, ou la soci\u00e9t\u00e9 ou autre entit\u00e9 juridique au nom de laquelle cette personne acc\u00e8de ou utilise le Service, selon le cas.<\/li>\n<\/ul>\n\n\n\n\n<h2 class=\"wp-block-heading\">Collecte et utilisation de Vos donn\u00e9es personnelles<\/h2>\n\n\n\n\n<h3 class=\"wp-block-heading\">Types de donn\u00e9es collect\u00e9es<\/h3>\n\n\n\n\n<h4 class=\"wp-block-heading\">Donn\u00e9es personnelles<\/h4>\n\n\n\n\n<p>Lors de l\u2019utilisation de Notre Service, Nous pouvons Vous demander de Nous fournir certaines informations personnellement identifiables permettant de Vous contacter ou de Vous identifier. Les informations personnellement identifiables peuvent inclure, sans s\u2019y limiter&nbsp;:<\/p>\n\n\n\n\n<ul class=\"wp-block-list\">\n<li>Adresse e-mail<\/li>\n\n\n\n\n<li>Pr\u00e9nom et nom<\/li>\n\n\n\n\n<li>Num\u00e9ro de t\u00e9l\u00e9phone<\/li>\n\n\n\n\n<li>Donn\u00e9es d\u2019utilisation<\/li>\n<\/ul>\n\n\n\n\n<h4 class=\"wp-block-heading\">Donn\u00e9es d\u2019utilisation<\/h4>\n\n\n\n\n<p>Les Donn\u00e9es d\u2019utilisation sont collect\u00e9es automatiquement lors de l\u2019utilisation du Service.<\/p>\n\n\n\n\n<p>Les Donn\u00e9es d\u2019utilisation peuvent inclure des informations telles que l\u2019adresse IP de Votre Appareil, le type de navigateur, la version du navigateur, les pages de notre Service que Vous visitez, la date et l\u2019heure de Votre visite, le temps pass\u00e9 sur ces pages, les identifiants uniques d\u2019appareil et d\u2019autres donn\u00e9es de diagnostic.<\/p>\n\n\n\n\n<p>Lorsque Vous acc\u00e9dez au Service par ou via un appareil mobile, Nous pouvons collecter automatiquement certaines informations, notamment mais sans s\u2019y limiter le type d\u2019appareil mobile utilis\u00e9, l\u2019identifiant unique de Votre appareil mobile, l\u2019adresse IP de Votre appareil mobile, Votre syst\u00e8me d\u2019exploitation mobile, le type de navigateur Internet mobile que Vous utilisez, les identifiants uniques d\u2019appareil et d\u2019autres donn\u00e9es de diagnostic.<\/p>\n\n\n\n\n<p>Nous pouvons \u00e9galement collecter les informations que Votre navigateur envoie chaque fois que Vous visitez notre Service ou lorsque Vous acc\u00e9dez au Service par ou via un appareil mobile.<\/p>\n\n\n\n\n<h4 class=\"wp-block-heading\">Technologies de suivi et Cookies<\/h4>\n\n\n\n\n<p>Nous utilisons des Cookies et des technologies de suivi similaires pour suivre l\u2019activit\u00e9 sur Notre Service et stocker certaines informations. Les technologies de suivi utilis\u00e9es sont des balises, tags et scripts afin de collecter et suivre les informations et d\u2019am\u00e9liorer et analyser Notre Service. Les technologies que Nous utilisons peuvent inclure&nbsp;:<\/p>\n\n\n\n\n<ul class=\"wp-block-list\">\n<li><strong>Cookies ou cookies de navigateur.<\/strong> Un cookie est un petit fichier plac\u00e9 sur Votre Appareil. Vous pouvez configurer Votre navigateur pour refuser tous les Cookies ou indiquer quand un Cookie est envoy\u00e9. Toutefois, si Vous n\u2019acceptez pas les Cookies, Vous pourriez ne pas \u00eatre en mesure d\u2019utiliser certaines parties de notre Service. Sauf si Vous avez ajust\u00e9 les param\u00e8tres de Votre navigateur pour qu\u2019il refuse les Cookies, notre Service peut utiliser des Cookies.<\/li>\n\n\n\n\n<li><strong>Balises web.<\/strong> Certaines sections de notre Service et de nos e-mails peuvent contenir de petits fichiers \u00e9lectroniques connus sous le nom de balises web (appel\u00e9s \u00e9galement gifs clairs, balises pixel et gifs \u00e0 pixel unique) qui permettent \u00e0 l\u2019Entreprise, par exemple, de compter les utilisateurs ayant visit\u00e9 ces pages ou ouvert un e-mail et \u00e0 \u00e9tablir d\u2019autres statistiques li\u00e9es au site (par exemple, enregistrer la popularit\u00e9 d\u2019une section et v\u00e9rifier l\u2019int\u00e9grit\u00e9 du syst\u00e8me et du serveur).<\/li>\n<\/ul>\n\n\n\n\n<p>Les Cookies peuvent \u00eatre \u00ab&nbsp;persistants&nbsp;\u00bb ou \u00ab&nbsp;de session&nbsp;\u00bb. Les Cookies persistants restent sur Votre ordinateur ou appareil mobile lorsque Vous \u00eates hors ligne, tandis que les Cookies de session sont supprim\u00e9s d\u00e8s que Vous fermez Votre navigateur.<\/p>\n\n\n\n\n<p>Nous utilisons des Cookies de session et des Cookies persistants aux fins d\u00e9crites ci-dessous&nbsp;:<\/p>\n\n\n\n\n<ul class=\"wp-block-list\">\n<li><strong>Cookies n\u00e9cessaires \/ essentiels<\/strong><br>Type&nbsp;: Cookies de session<br>G\u00e9r\u00e9s par&nbsp;: Nous<br>Objectif&nbsp;: Ces Cookies sont essentiels pour Vous fournir les services disponibles sur le Site web et Vous permettre d\u2019utiliser certaines de ses fonctionnalit\u00e9s. Ils aident \u00e0 authentifier les utilisateurs et \u00e0 pr\u00e9venir l\u2019usage frauduleux des comptes d\u2019utilisateur. Sans ces Cookies, les services que Vous avez demand\u00e9s ne peuvent pas \u00eatre fournis, et Nous utilisons ces Cookies uniquement pour Vous fournir ces services.<\/li>\n\n\n\n\n<li><strong>Cookies de consentement \/ notification<\/strong><br>Type&nbsp;: Cookies persistants<br>G\u00e9r\u00e9s par&nbsp;: Nous<br>Objectif&nbsp;: Ces Cookies identifient si les utilisateurs ont accept\u00e9 l\u2019utilisation de cookies sur le Site web.<\/li>\n\n\n\n\n<li><strong>Cookies fonctionnels<\/strong><br>Type&nbsp;: Cookies persistants<br>G\u00e9r\u00e9s par&nbsp;: Nous<br>Objectif&nbsp;: Ces Cookies nous permettent de nous souvenir des choix que Vous faites lorsque Vous utilisez le Site web, comme Vos identifiants de connexion ou Votre pr\u00e9f\u00e9rence linguistique. Le but de ces Cookies est de Vous offrir une exp\u00e9rience plus personnelle et de Vous \u00e9viter d\u2019avoir \u00e0 ressaisir Vos pr\u00e9f\u00e9rences \u00e0 chaque utilisation du Site web.<\/li>\n<\/ul>\n\n\n\n\n<p>Pour plus d\u2019informations sur les cookies que Nous utilisons et Vos choix concernant les cookies, veuillez consulter notre Politique relative aux cookies ou la section Cookies de notre Politique de confidentialit\u00e9.<\/p>\n\n\n\n\n<h3 class=\"wp-block-heading\">Utilisation de Vos donn\u00e9es personnelles<\/h3>\n\n\n\n\n<p>L\u2019Entreprise peut utiliser les Donn\u00e9es personnelles aux fins suivantes&nbsp;:<\/p>\n\n\n\n\n<ul class=\"wp-block-list\">\n<li><strong>Fournir et maintenir notre Service<\/strong>, y compris pour surveiller l\u2019utilisation de notre Service.<\/li>\n\n\n\n\n<li><strong>G\u00e9rer Votre Compte&nbsp;:<\/strong> g\u00e9rer Votre inscription en tant qu\u2019utilisateur du Service. Les Donn\u00e9es personnelles que Vous fournissez peuvent Vous donner acc\u00e8s \u00e0 diff\u00e9rentes fonctionnalit\u00e9s du Service disponibles pour Vous en tant qu\u2019utilisateur enregistr\u00e9.<\/li>\n\n\n\n\n<li><strong>Ex\u00e9cution d\u2019un contrat&nbsp;:<\/strong> d\u00e9veloppement, respect et ex\u00e9cution du contrat d\u2019achat des produits, articles ou services que Vous avez achet\u00e9s ou de tout autre contrat avec Nous via le Service.<\/li>\n\n\n\n\n<li><strong>Vous contacter&nbsp;:<\/strong> Vous contacter par e-mail, appels t\u00e9l\u00e9phoniques, SMS ou autres formes de communication \u00e9lectronique \u00e9quivalentes, telles que les notifications push d\u2019une application mobile concernant les mises \u00e0 jour ou communications informatives relatives aux fonctionnalit\u00e9s, produits ou services contract\u00e9s, y compris les mises \u00e0 jour de s\u00e9curit\u00e9, lorsque cela est n\u00e9cessaire ou raisonnable pour leur mise en \u0153uvre.<\/li>\n\n\n\n\n<li><strong>Vous fournir<\/strong> des actualit\u00e9s, offres sp\u00e9ciales et informations g\u00e9n\u00e9rales sur d\u2019autres biens, services et \u00e9v\u00e9nements que Nous proposons et similaires \u00e0 ceux que Vous avez d\u00e9j\u00e0 achet\u00e9s ou sur lesquels Vous vous \u00eates renseign\u00e9, sauf si Vous avez choisi de ne pas recevoir ces informations.<\/li>\n\n\n\n\n<li><strong>G\u00e9rer Vos demandes&nbsp;:<\/strong> r\u00e9pondre \u00e0 Vos demandes adress\u00e9es \u00e0 Nous.<\/li>\n\n\n\n\n<li><strong>Transferts d\u2019entreprise&nbsp;:<\/strong> Nous pouvons utiliser Vos informations pour \u00e9valuer ou mener une fusion, cession, restructuration, r\u00e9organisation, dissolution ou autre vente ou transfert de tout ou partie de Nos actifs, que ce soit dans le cadre d\u2019une entreprise en activit\u00e9 ou dans le cadre d\u2019une faillite, liquidation ou proc\u00e9dure similaire, dans laquelle les Donn\u00e9es personnelles d\u00e9tenues par Nous sur les utilisateurs de notre Service figurent parmi les actifs transf\u00e9r\u00e9s.<\/li>\n\n\n\n\n<li><strong>Autres finalit\u00e9s&nbsp;:<\/strong> Nous pouvons utiliser Vos informations \u00e0 d\u2019autres fins, telles que l\u2019analyse de donn\u00e9es, l\u2019identification des tendances d\u2019utilisation, l\u2019\u00e9valuation de l\u2019efficacit\u00e9 de nos campagnes promotionnelles et l\u2019\u00e9valuation et l\u2019am\u00e9lioration de notre Service, produits, services, marketing et Votre exp\u00e9rience.<\/li>\n<\/ul>\n\n\n\n\n<p>Nous pouvons partager Vos informations personnelles dans les situations suivantes&nbsp;:<\/p>\n\n\n\n\n<ul class=\"wp-block-list\">\n<li><strong>Avec les Fournisseurs de services&nbsp;:<\/strong> Nous pouvons partager Vos informations personnelles avec des Fournisseurs de services pour surveiller et analyser l\u2019utilisation de notre Service, pour Vous contacter.<\/li>\n\n\n\n\n<li><strong>Dans le cadre de transferts d\u2019entreprise&nbsp;:<\/strong> Nous pouvons partager ou transf\u00e9rer Vos informations personnelles dans le cadre ou pendant les n\u00e9gociations de toute fusion, vente d\u2019actifs de l\u2019Entreprise, financement ou acquisition de tout ou partie de Notre activit\u00e9 par une autre soci\u00e9t\u00e9.<\/li>\n\n\n\n\n<li><strong>Avec des Affili\u00e9s&nbsp;:<\/strong> Nous pouvons partager Vos informations avec Nos Affili\u00e9s, auquel cas Nous exigerons de ces Affili\u00e9s qu\u2019ils respectent cette Politique de confidentialit\u00e9. Les Affili\u00e9s incluent Notre soci\u00e9t\u00e9 m\u00e8re et toute autre filiale, partenaire de co-entreprise ou autre soci\u00e9t\u00e9 que Nous contr\u00f4lons ou qui est sous contr\u00f4le commun avec Nous.<\/li>\n\n\n\n\n<li><strong>Avec des partenaires commerciaux&nbsp;:<\/strong> Nous pouvons partager Vos informations avec Nos partenaires commerciaux afin de Vous proposer certains produits, services ou promotions.<\/li>\n\n\n\n\n<li><strong>Avec d\u2019autres utilisateurs&nbsp;:<\/strong> lorsque Vous partagez des informations personnelles ou interagissez de toute autre mani\u00e8re dans les zones publiques avec d\u2019autres utilisateurs, ces informations peuvent \u00eatre vues par tous les utilisateurs et peuvent \u00eatre diffus\u00e9es publiquement \u00e0 l\u2019ext\u00e9rieur.<\/li>\n\n\n\n\n<li><strong>Avec Votre consentement<\/strong>&nbsp;: Nous pouvons divulguer Vos informations personnelles pour tout autre but avec Votre consentement.<\/li>\n<\/ul>\n\n\n\n\n<h3 class=\"wp-block-heading\">Conservation de Vos donn\u00e9es personnelles<\/h3>\n\n\n\n\n<p>L\u2019Entreprise conservera Vos Donn\u00e9es personnelles uniquement le temps n\u00e9cessaire aux finalit\u00e9s \u00e9nonc\u00e9es dans cette Politique de confidentialit\u00e9. Nous conserverons et utiliserons Vos Donn\u00e9es personnelles dans la mesure n\u00e9cessaire pour nous conformer \u00e0 nos obligations l\u00e9gales (par exemple, si Nous sommes tenus de conserver vos donn\u00e9es pour nous conformer aux lois applicables), r\u00e9soudre des litiges et faire respecter nos accords et politiques juridiques.<\/p>\n\n\n\n\n<p>L\u2019Entreprise conservera \u00e9galement les Donn\u00e9es d\u2019utilisation \u00e0 des fins d\u2019analyse interne. Les Donn\u00e9es d\u2019utilisation sont g\u00e9n\u00e9ralement conserv\u00e9es pour une p\u00e9riode plus courte, sauf lorsque ces donn\u00e9es sont utilis\u00e9es pour renforcer la s\u00e9curit\u00e9 ou am\u00e9liorer la fonctionnalit\u00e9 de Notre Service, ou lorsque Nous sommes l\u00e9galement tenus de conserver ces donn\u00e9es pour des p\u00e9riodes plus longues.<\/p>\n\n\n\n\n<h3 class=\"wp-block-heading\">Transfert de Vos donn\u00e9es personnelles<\/h3>\n\n\n\n\n<p>Vos informations, y compris Vos Donn\u00e9es personnelles, sont trait\u00e9es dans les bureaux d\u2019exploitation de l\u2019Entreprise et dans tout autre lieu o\u00f9 se trouvent les parties impliqu\u00e9es dans le traitement. Cela signifie que ces informations peuvent \u00eatre transf\u00e9r\u00e9es vers \u2014 et conserv\u00e9es sur \u2014 des ordinateurs situ\u00e9s en dehors de Votre \u00c9tat, province, pays ou autre juridiction gouvernementale o\u00f9 les lois sur la protection des donn\u00e9es peuvent diff\u00e9rer de celles de Votre juridiction.<\/p>\n\n\n\n\n<p>Votre consentement \u00e0 cette Politique de confidentialit\u00e9 suivi de Votre soumission de telles informations repr\u00e9sente Votre accord pour ce transfert.<\/p>\n\n\n\n\n<p>L\u2019Entreprise prendra toutes les mesures raisonnablement n\u00e9cessaires pour s\u2019assurer que Vos donn\u00e9es sont trait\u00e9es en toute s\u00e9curit\u00e9 et conform\u00e9ment \u00e0 cette Politique de confidentialit\u00e9 et aucun transfert de Vos Donn\u00e9es personnelles n\u2019aura lieu vers une organisation ou un pays \u00e0 moins que des contr\u00f4les ad\u00e9quats ne soient en place, notamment la s\u00e9curit\u00e9 de Vos donn\u00e9es et autres informations personnelles.<\/p>\n\n\n\n\n<h3 class=\"wp-block-heading\">Suppression de Vos donn\u00e9es personnelles<\/h3>\n\n\n\n\n<p>Vous avez le droit de supprimer ou de demander que Nous aidions \u00e0 supprimer les Donn\u00e9es personnelles que Nous avons collect\u00e9es \u00e0 Votre sujet.<\/p>\n\n\n\n\n<p>Notre Service peut Vous donner la possibilit\u00e9 de supprimer certaines informations Vous concernant \u00e0 partir du Service.<\/p>\n\n\n\n\n<p>Vous pouvez mettre \u00e0 jour, modifier ou supprimer Vos informations \u00e0 tout moment en Vous connectant \u00e0 Votre Compte, si Vous en avez un, et en visitant la section des param\u00e8tres du compte qui Vous permet de g\u00e9rer Vos informations personnelles. Vous pouvez \u00e9galement Nous contacter pour demander l\u2019acc\u00e8s, la correction ou la suppression de toute information personnelle que Vous Nous avez fournie.<\/p>\n\n\n\n\n<p>Cependant, veuillez noter que Nous pouvons avoir besoin de conserver certaines informations lorsque Nous avons une obligation l\u00e9gale ou une base l\u00e9gitime pour le faire.<\/p>\n\n\n\n\n<h3 class=\"wp-block-heading\">Divulgation de Vos donn\u00e9es personnelles<\/h3>\n\n\n\n\n<h4 class=\"wp-block-heading\">Op\u00e9rations commerciales<\/h4>\n\n\n\n\n<p>Si l\u2019Entreprise est impliqu\u00e9e dans une fusion, acquisition ou vente d\u2019actifs, Vos Donn\u00e9es personnelles peuvent \u00eatre transf\u00e9r\u00e9es. Nous Vous informerons avant que Vos Donn\u00e9es personnelles ne soient transf\u00e9r\u00e9es et ne soient soumises \u00e0 une Politique de confidentialit\u00e9 diff\u00e9rente.<\/p>\n\n\n\n\n<h4 class=\"wp-block-heading\">Application de la loi<\/h4>\n\n\n\n\n<p>Dans certaines circonstances, l\u2019Entreprise peut \u00eatre tenue de divulguer Vos Donn\u00e9es personnelles si cela est requis par la loi ou en r\u00e9ponse \u00e0 des demandes valides des autorit\u00e9s publiques (par exemple, un tribunal ou une agence gouvernementale).<\/p>\n\n\n\n\n<h4 class=\"wp-block-heading\">Autres exigences l\u00e9gales<\/h4>\n\n\n\n\n<p>L\u2019Entreprise peut divulguer Vos Donn\u00e9es personnelles en toute bonne foi si une telle action est n\u00e9cessaire pour&nbsp;:<\/p>\n\n\n\n\n<ul class=\"wp-block-list\">\n<li>Se conformer \u00e0 une obligation l\u00e9gale<\/li>\n\n\n\n\n<li>Prot\u00e9ger et d\u00e9fendre les droits ou la propri\u00e9t\u00e9 de l\u2019Entreprise<\/li>\n\n\n\n\n<li>Pr\u00e9venir ou enqu\u00eater sur d\u2019\u00e9ventuels actes r\u00e9pr\u00e9hensibles li\u00e9s au Service<\/li>\n\n\n\n\n<li>Prot\u00e9ger la s\u00e9curit\u00e9 personnelle des Utilisateurs du Service ou du public<\/li>\n\n\n\n\n<li>Se prot\u00e9ger contre toute responsabilit\u00e9 l\u00e9gale<\/li>\n<\/ul>\n\n\n\n\n<h3 class=\"wp-block-heading\">S\u00e9curit\u00e9 de Vos donn\u00e9es personnelles<\/h3>\n\n\n\n\n<p>La s\u00e9curit\u00e9 de Vos Donn\u00e9es personnelles est importante pour Nous, mais souvenez-Vous qu\u2019aucune m\u00e9thode de transmission sur Internet ni m\u00e9thode de stockage \u00e9lectronique n\u2019est s\u00fbre \u00e0 100&nbsp;%. Bien que Nous nous effor\u00e7ions d\u2019utiliser des moyens commercialement acceptables pour prot\u00e9ger Vos Donn\u00e9es personnelles, Nous ne pouvons garantir leur s\u00e9curit\u00e9 absolue.<\/p>\n\n\n\n\n<h2 class=\"wp-block-heading\">Confidentialit\u00e9 des enfants<\/h2>\n\n\n\n\n<p>Notre Service ne s\u2019adresse \u00e0 aucun mineur de moins de 13 ans. Nous ne collectons pas sciemment d\u2019informations personnellement identifiables aupr\u00e8s de quiconque \u00e2g\u00e9 de moins de 13 ans. Si Vous \u00eates parent ou tuteur et que Vous savez que Votre enfant Nous a fourni des Donn\u00e9es personnelles, veuillez Nous contacter. Si Nous d\u00e9couvrons que Nous avons collect\u00e9 des Donn\u00e9es personnelles aupr\u00e8s de quiconque \u00e2g\u00e9 de moins de 13 ans sans v\u00e9rification du consentement parental, Nous prendrons des mesures pour supprimer ces informations de Nos serveurs.<\/p>\n\n\n\n\n<p>Si Nous devons nous appuyer sur le consentement comme base l\u00e9gale pour traiter Vos informations et que Votre pays exige le consentement d\u2019un parent, il se peut que Nous devions obtenir le consentement de Votre parent avant de collecter et d\u2019utiliser ces informations.<\/p>\n\n\n\n\n<h2 class=\"wp-block-heading\">Liens vers d\u2019autres sites web<\/h2>\n\n\n\n\n<p>Notre Service peut contenir des liens vers d\u2019autres sites web qui ne sont pas exploit\u00e9s par Nous. Si Vous cliquez sur un lien tiers, Vous serez dirig\u00e9 vers le site de ce tiers. Nous Vous conseillons fortement de consulter la Politique de confidentialit\u00e9 de chaque site que Vous visitez.<\/p>\n\n\n\n\n<p>Nous n\u2019avons aucun contr\u00f4le sur le contenu, les politiques de confidentialit\u00e9 ou les pratiques des sites ou services tiers et n\u2019assumons aucune responsabilit\u00e9 \u00e0 cet \u00e9gard.<\/p>\n\n\n\n\n<h2 class=\"wp-block-heading\">Modifications de cette Politique de confidentialit\u00e9<\/h2>\n\n\n\n\n<p>Nous pouvons mettre \u00e0 jour Notre Politique de confidentialit\u00e9 de temps \u00e0 autre. Nous Vous informerons de tout changement en publiant la nouvelle Politique de confidentialit\u00e9 sur cette page.<\/p>\n\n\n\n\n<p>Nous Vous informerons par e-mail et\/ou via un avis bien visible sur Notre Service, avant que le changement ne devienne effectif et mettrons \u00e0 jour la date \u00ab&nbsp;Derni\u00e8re mise \u00e0 jour&nbsp;\u00bb en haut de cette Politique de confidentialit\u00e9.<\/p>\n\n\n\n\n<p>Il Vous est conseill\u00e9 de consulter cette Politique de confidentialit\u00e9 p\u00e9riodiquement pour tout changement. Les modifications de cette Politique de confidentialit\u00e9 prennent effet lorsqu\u2019elles sont publi\u00e9es sur cette page.<\/p>\n\n\n\n\n<h2 class=\"wp-block-heading\">Nous contacter<\/h2>\n\n\n\n\n<p>Si Vous avez des questions concernant cette Politique de confidentialit\u00e9, Vous pouvez Nous contacter&nbsp;:<\/p>\n\n\n\n\n<ul class=\"wp-block-list\">\n<li>Par e-mail&nbsp;: contact@vascoinvest.pt<\/li>\n<\/ul>\n\n","protected":false},"excerpt":{"rendered":"<p>Derni\u00e8re mise \u00e0 jour : 14 mai 2025 Cette Politique de confidentialit\u00e9 d\u00e9crit Nos politiques et proc\u00e9dures concernant la collecte,&#8230;<\/p>\n","protected":false},"author":1,"featured_media":0,"parent":0,"menu_order":0,"comment_status":"closed","ping_status":"closed","template":"","meta":{"_acf_changed":false,"_seopress_robots_primary_cat":"","_seopress_titles_title":"Confidentialit\u00e9 : Prot\u00e9gez Vos Donn\u00e9es Personnelles","_seopress_titles_desc":"D\u00e9couvrez comment nous prot\u00e9geons vos donn\u00e9es personnelles et votre vie priv\u00e9e lors de l'utilisation de Vasco Invest. Transparence et s\u00e9curit\u00e9 garanties.","_seopress_robots_index":"yes","footnotes":""},"class_list":["post-9168","page","type-page","status-publish","hentry"],"acf":[],"_links":{"self":[{"href":"https:\/\/vascoinvest.eu\/fr\/wp-json\/wp\/v2\/pages\/9168","targetHints":{"allow":["GET"]}}],"collection":[{"href":"https:\/\/vascoinvest.eu\/fr\/wp-json\/wp\/v2\/pages"}],"about":[{"href":"https:\/\/vascoinvest.eu\/fr\/wp-json\/wp\/v2\/types\/page"}],"author":[{"embeddable":true,"href":"https:\/\/vascoinvest.eu\/fr\/wp-json\/wp\/v2\/users\/1"}],"replies":[{"embeddable":true,"href":"https:\/\/vascoinvest.eu\/fr\/wp-json\/wp\/v2\/comments?post=9168"}],"version-history":[{"count":2,"href":"https:\/\/vascoinvest.eu\/fr\/wp-json\/wp\/v2\/pages\/9168\/revisions"}],"predecessor-version":[{"id":9172,"href":"https:\/\/vascoinvest.eu\/fr\/wp-json\/wp\/v2\/pages\/9168\/revisions\/9172"}],"wp:attachment":[{"href":"https:\/\/vascoinvest.eu\/fr\/wp-json\/wp\/v2\/media?parent=9168"}],"curies":[{"name":"wp","href":"https:\/\/api.w.org\/{rel}","templated":true}]}}